{"id":494,"date":"2024-02-23T10:36:42","date_gmt":"2024-02-23T13:36:42","guid":{"rendered":"https:\/\/conexaodjota.com.br\/?page_id=494"},"modified":"2025-01-02T20:54:29","modified_gmt":"2025-01-02T23:54:29","slug":"seja-um-assinante","status":"publish","type":"page","link":"https:\/\/conexaodjota.com.br\/?page_id=494","title":{"rendered":"Seja um assinante"},"content":{"rendered":"\t\t<div data-elementor-type=\"wp-page\" data-elementor-id=\"494\" class=\"elementor elementor-494\" data-elementor-post-type=\"page\">\n\t\t\t\t\t\t<section class=\"elementor-section elementor-top-section elementor-element elementor-element-6cbb1662 elementor-section-boxed elementor-section-height-default elementor-section-height-default\" data-id=\"6cbb1662\" data-element_type=\"section\" id=\"xs_pricing_6\" data-settings=\"{&quot;background_background&quot;:&quot;classic&quot;}\">\n\t\t\t\t\t\t<div class=\"elementor-container elementor-column-gap-default\">\n\t\t\t\t\t<div class=\"elementor-column elementor-col-100 elementor-top-column elementor-element elementor-element-b9dd83b\" data-id=\"b9dd83b\" data-element_type=\"column\">\n\t\t\t<div class=\"elementor-widget-wrap elementor-element-populated\">\n\t\t\t\t\t\t<section class=\"elementor-section elementor-inner-section elementor-element elementor-element-6700eb35 elementor-section-boxed elementor-section-height-default elementor-section-height-default\" data-id=\"6700eb35\" data-element_type=\"section\">\n\t\t\t\t\t\t<div class=\"elementor-container elementor-column-gap-default\">\n\t\t\t\t\t<div class=\"elementor-column elementor-col-100 elementor-inner-column elementor-element elementor-element-656b8ccf\" data-id=\"656b8ccf\" data-element_type=\"column\">\n\t\t\t<div class=\"elementor-widget-wrap elementor-element-populated\">\n\t\t\t\t\t\t<div class=\"elementor-element elementor-element-5b1038c1 elementor-widget elementor-widget-elementskit-heading\" data-id=\"5b1038c1\" data-element_type=\"widget\" data-widget_type=\"elementskit-heading.default\">\n\t\t\t\t<div class=\"elementor-widget-container\">\n\t\t\t\t\t<div class=\"ekit-wid-con\" ><div class=\"ekit-heading elementskit-section-title-wraper center   ekit_heading_tablet-   ekit_heading_mobile-\"><h2 class=\"ekit-heading--title elementskit-section-title \">Fa\u00e7a parte do nosso Clube de Assinantes<\/h2><div class=\"ekit_heading_separetor_wraper ekit_heading_elementskit-border-divider\"><div class=\"elementskit-border-divider\"><\/div><\/div>\t\t\t\t<div class='ekit-heading__description'>\n\t\t\t\t\t<p>Tenha acesso vital\u00edcio e completo a todo nosso conte\u00fado e ainda garanta b\u00f4nus.<\/p>\n\t\t\t\t<\/div>\n\t\t\t<\/div><\/div>\t\t\t\t<\/div>\n\t\t\t\t<\/div>\n\t\t\t\t\t<\/div>\n\t\t<\/div>\n\t\t\t\t\t<\/div>\n\t\t<\/section>\n\t\t\t\t<section class=\"elementor-section elementor-inner-section elementor-element elementor-element-5caa5de3 elementor-section-boxed elementor-section-height-default elementor-section-height-default\" data-id=\"5caa5de3\" data-element_type=\"section\">\n\t\t\t\t\t\t<div class=\"elementor-container elementor-column-gap-default\">\n\t\t\t\t\t<div class=\"elementor-column elementor-col-33 elementor-inner-column elementor-element elementor-element-57f8803\" data-id=\"57f8803\" data-element_type=\"column\">\n\t\t\t<div class=\"elementor-widget-wrap\">\n\t\t\t\t\t\t\t<\/div>\n\t\t<\/div>\n\t\t\t\t<div class=\"elementor-column elementor-col-33 elementor-inner-column elementor-element elementor-element-1e364585\" data-id=\"1e364585\" data-element_type=\"column\">\n\t\t\t<div class=\"elementor-widget-wrap elementor-element-populated\">\n\t\t\t\t\t\t<div class=\"elementor-element elementor-element-5d804fb7 elementor-widget elementor-widget-elementskit-pricing\" data-id=\"5d804fb7\" data-element_type=\"widget\" data-widget_type=\"elementskit-pricing.default\">\n\t\t\t\t<div class=\"elementor-widget-container\">\n\t\t\t\t\t<div class=\"ekit-wid-con\" >\n\n        <div class=\"elementskit-single-pricing \" >\n            <div class=\"elementskit-pricing-header \">\n\t\t\t\t\t\t\t\t\n\t\t\t\t                \t<h3\t\t\t\t\tclass=\" elementskit-pricing-title\">Assinatura Completa\t\t\t\t\t<\/h3>\n\t\t\t\t\t\t\t\t            <\/div>\n\t\t\t            <div class=\" elementskit-pricing-price-wraper has-tag \">\n                <div class=\"elementskit-pricing-tag\"><\/div>\n                <span class=\"elementskit-pricing-price\">\n\t\t\t\t\t\t\t\t\t\t\t<sup class=\"currency\">R$<\/sup>\n\t\t\t\t\t\t\t\t\t\t<span>5.99<\/span>\n\t\t\t\t\t\n\t\t\t\t\t\t\t\t\t\t<sub class=\"period\">\/M\u00eas<\/sub>\n\t\t\t\t\t\t\t\t\t<\/span>\n            <\/div>\n\t\t\t            <div class=\"elementskit-pricing-content \">\n\n                                                    <ul class=\"elementskit-pricing-lists\">\n                        \t\t\t\t\t\t\t<li class=\"elementor-repeater-item-524a2ba\">\n\t\t\t\t\t\t\t\t\t\t\t\t\t\t\t\t\n\t\t\t\t\t\t\t\tAcesso Imediato\t\t\t\t\t\t\t\t\n\t\t\t\t\t\t\t\t\t\t\t\t\t\t\t<\/li>\n                        \t\t\t\t\t\t\t<li class=\"elementor-repeater-item-61572a8\">\n\t\t\t\t\t\t\t\t\t\t\t\t\t\t\t\t\n\t\t\t\t\t\t\t\tAcesso a todas as categorias\t\t\t\t\t\t\t\t\n\t\t\t\t\t\t\t\t\t\t\t\t\t\t\t<\/li>\n                        \t\t\t\t\t\t\t<li class=\"elementor-repeater-item-14baa04\">\n\t\t\t\t\t\t\t\t\t\t\t\t\t\t\t\t\n\t\t\t\t\t\t\t\tB\u00f4nus de Inscri\u00e7\u00e3o\t\t\t\t\t\t\t\t\n\t\t\t\t\t\t\t\t\t\t\t\t\t\t\t<\/li>\n                        \t\t\t\t\t\t\t<li class=\"elementor-repeater-item-4d6ce20\">\n\t\t\t\t\t\t\t\t\t\t\t\t\t\t\t\t\n\t\t\t\t\t\t\t\tNotifica\u00e7\u00f5es no seu WhatsApp\t\t\t\t\t\t\t\t\n\t\t\t\t\t\t\t\t\t\t\t\t\t\t\t<\/li>\n                                            <\/ul>\n                            <\/div>\n            <div class=\"elementskit-pricing-btn-wraper \">\n\t\t\t\t<a href=\"#\" class=\"elementskit-pricing-btn  ekit-pricing-btn-icon-pos-left\" >\n\t\t\t\t\tAssinar agora!\t\t\t\t<\/a>\n            <\/div>\n        <\/div>\n\n    <\/div>\t\t\t\t<\/div>\n\t\t\t\t<\/div>\n\t\t\t\t\t<\/div>\n\t\t<\/div>\n\t\t\t\t<div class=\"elementor-column elementor-col-33 elementor-inner-column elementor-element elementor-element-12e4521\" data-id=\"12e4521\" data-element_type=\"column\">\n\t\t\t<div class=\"elementor-widget-wrap\">\n\t\t\t\t\t\t\t<\/div>\n\t\t<\/div>\n\t\t\t\t\t<\/div>\n\t\t<\/section>\n\t\t\t\t\t<\/div>\n\t\t<\/div>\n\t\t\t\t\t<\/div>\n\t\t<\/section>\n\t\t\t\t<\/div>\n\t\t","protected":false},"excerpt":{"rendered":"<p>Fa\u00e7a parte do nosso Clube de Assinantes Tenha acesso vital\u00edcio e completo a todo nosso conte\u00fado e ainda garanta b\u00f4nus. Assinatura Completa R$ 5.99 \/M\u00eas Acesso Imediato Acesso a todas as categorias B\u00f4nus de Inscri\u00e7\u00e3o Notifica\u00e7\u00f5es no seu WhatsApp Assinar agora!<\/p>\n","protected":false},"author":1,"featured_media":0,"parent":0,"menu_order":0,"comment_status":"closed","ping_status":"closed","template":"elementor_header_footer","meta":{"_monsterinsights_skip_tracking":false,"_monsterinsights_sitenote_active":false,"_monsterinsights_sitenote_note":"","_monsterinsights_sitenote_category":0,"site-sidebar-layout":"no-sidebar","site-content-layout":"page-builder","ast-site-content-layout":"full-width-container","site-content-style":"unboxed","site-sidebar-style":"unboxed","ast-global-header-display":"","ast-banner-title-visibility":"","ast-main-header-display":"","ast-hfb-above-header-display":"","ast-hfb-below-header-display":"","ast-hfb-mobile-header-display":"","site-post-title":"disabled","ast-breadcrumbs-content":"","ast-featured-img":"disabled","footer-sml-layout":"","theme-transparent-header-meta":"","adv-header-id-meta":"","stick-header-meta":"","header-above-stick-meta":"","header-main-stick-meta":"","header-below-stick-meta":"","astra-migrate-meta-layouts":"set","ast-page-background-enabled":"default","ast-page-background-meta":{"desktop":{"background-color":"var(--ast-global-color-4)","background-image":"","background-repeat":"repeat","background-position":"center center","background-size":"auto","background-attachment":"scroll","background-type":"","background-media":"","overlay-type":"","overlay-color":"","overlay-opacity":"","overlay-gradient":""},"tablet":{"background-color":"","background-image":"","background-repeat":"repeat","background-position":"center center","background-size":"auto","background-attachment":"scroll","background-type":"","background-media":"","overlay-type":"","overlay-color":"","overlay-opacity":"","overlay-gradient":""},"mobile":{"background-color":"","background-image":"","background-repeat":"repeat","background-position":"center center","background-size":"auto","background-attachment":"scroll","background-type":"","background-media":"","overlay-type":"","overlay-color":"","overlay-opacity":"","overlay-gradient":""}},"ast-content-background-meta":{"desktop":{"background-color":"var(--ast-global-color-5)","background-image":"","background-repeat":"repeat","background-position":"center center","background-size":"auto","background-attachment":"scroll","background-type":"","background-media":"","overlay-type":"","overlay-color":"","overlay-opacity":"","overlay-gradient":""},"tablet":{"background-color":"var(--ast-global-color-5)","background-image":"","background-repeat":"repeat","background-position":"center center","background-size":"auto","background-attachment":"scroll","background-type":"","background-media":"","overlay-type":"","overlay-color":"","overlay-opacity":"","overlay-gradient":""},"mobile":{"background-color":"var(--ast-global-color-5)","background-image":"","background-repeat":"repeat","background-position":"center center","background-size":"auto","background-attachment":"scroll","background-type":"","background-media":"","overlay-type":"","overlay-color":"","overlay-opacity":"","overlay-gradient":""}},"footnotes":""},"class_list":["post-494","page","type-page","status-publish","hentry"],"aioseo_notices":[],"_links":{"self":[{"href":"https:\/\/conexaodjota.com.br\/index.php?rest_route=\/wp\/v2\/pages\/494","targetHints":{"allow":["GET"]}}],"collection":[{"href":"https:\/\/conexaodjota.com.br\/index.php?rest_route=\/wp\/v2\/pages"}],"about":[{"href":"https:\/\/conexaodjota.com.br\/index.php?rest_route=\/wp\/v2\/types\/page"}],"author":[{"embeddable":true,"href":"https:\/\/conexaodjota.com.br\/index.php?rest_route=\/wp\/v2\/users\/1"}],"replies":[{"embeddable":true,"href":"https:\/\/conexaodjota.com.br\/index.php?rest_route=%2Fwp%2Fv2%2Fcomments&post=494"}],"version-history":[{"count":11,"href":"https:\/\/conexaodjota.com.br\/index.php?rest_route=\/wp\/v2\/pages\/494\/revisions"}],"predecessor-version":[{"id":960,"href":"https:\/\/conexaodjota.com.br\/index.php?rest_route=\/wp\/v2\/pages\/494\/revisions\/960"}],"wp:attachment":[{"href":"https:\/\/conexaodjota.com.br\/index.php?rest_route=%2Fwp%2Fv2%2Fmedia&parent=494"}],"curies":[{"name":"wp","href":"https:\/\/api.w.org\/{rel}","templated":true}]}}